{"id":127,"date":"2025-02-21T19:24:54","date_gmt":"2025-02-21T18:24:54","guid":{"rendered":"https:\/\/le-cocon-des-mariees.com\/?page_id=127"},"modified":"2025-03-05T21:35:41","modified_gmt":"2025-03-05T20:35:41","slug":"qui-sommes-nous","status":"publish","type":"page","link":"https:\/\/le-cocon-des-mariees.com\/index.php\/qui-sommes-nous\/","title":{"rendered":"Qui sommes nous"},"content":{"rendered":"<p class=\"has-black-color has-text-color has-link-color has-medium-font-size wp-elements-dae97fb3a7653e7c22fd989e2080aaed\">\u2728 Le Cocon des Mari\u00e9es : Un \u00e9crin d\u2019exception pour votre robe de r\u00eave <\/p>\n<div class=\"wp-block-media-text has-media-on-the-right is-stacked-on-mobile\" style=\"grid-template-columns:auto 15%\">\n<div class=\"wp-block-media-text__content\">\n<p class=\"has-black-color has-text-color has-link-color has-medium-font-size wp-elements-6d900054a71448081439650797a96c90\">\u2728Situ\u00e9 en Haute-Savoie, \u00e0 seulement 15 minutes de Gen\u00e8ve et 1h30 de Lyon, Le Cocon des Mari\u00e9es vous accueille dans un espace unique, chaleureux et raffin\u00e9, enti\u00e8rement d\u00e9di\u00e9 \u00e0 la qu\u00eate de la robe parfaite. Plus qu\u2019un simple showroom, c\u2019est un v\u00e9ritable cocon intime o\u00f9 chaque essayage devient un moment privil\u00e9gi\u00e9, empreint de s\u00e9r\u00e9nit\u00e9 et de magie. Convivialit\u00e9 et bienveillance sont nos ma\u00eetres mots.<\/p>\n<\/div>\n<figure class=\"wp-block-media-text__media\"><img loading=\"lazy\" decoding=\"async\" width=\"80\" height=\"88\" src=\"http:\/\/le-cocon-des-mariees.com\/wp-content\/uploads\/2025\/03\/Savoie-01.png\" alt=\"\" class=\"wp-image-331 size-full\"\/><\/figure>\n<\/div>\n<p class=\"has-black-color has-text-color has-link-color has-medium-font-size wp-elements-7b3dced6dce0870a234fd7d6ccd9a489\">\ud83c\udf3f Une exp\u00e9rience exclusive et sur-mesure<br \/>Chaque essayage se fait uniquement sur rendez-vous, du lundi au samedi, ainsi qu\u2019un dimanche par mois, afin de vous offrir une flexibilit\u00e9 totale. Ici, le temps s\u2019arr\u00eate pour vous : chaque future mari\u00e9e est re\u00e7ue individuellement, dans un cadre apaisant et sans interruption, pour un accompagnement personnalis\u00e9 de 2h30 ou plus.<\/p>\n<div class=\"wp-block-media-text is-stacked-on-mobile\" style=\"grid-template-columns:40% auto\">\n<figure class=\"wp-block-media-text__media\"><img loading=\"lazy\" decoding=\"async\" width=\"678\" height=\"720\" src=\"http:\/\/le-cocon-des-mariees.com\/wp-content\/uploads\/2025\/02\/RAY2.png\" alt=\"\" class=\"wp-image-53 size-full\" srcset=\"https:\/\/le-cocon-des-mariees.com\/wp-content\/uploads\/2025\/02\/RAY2.png 678w, https:\/\/le-cocon-des-mariees.com\/wp-content\/uploads\/2025\/02\/RAY2-283x300.png 283w\" sizes=\"auto, (max-width: 678px) 100vw, 678px\" \/><\/figure>\n<div class=\"wp-block-media-text__content\">\n<p class=\"has-black-color has-text-color has-link-color has-medium-font-size wp-elements-4a9782d18e8cf3ff9f3e33101ed221d8\">\ud83d\udc57 Des robes d\u2019exception pour toutes les mari\u00e9es<br \/>D\u00e9couvrez une s\u00e9lection soigneusement choisie de robes fran\u00e7aises et europ\u00e9ennes, alliant qualit\u00e9, \u00e9thique et \u00e9l\u00e9gance. Que vous r\u00eaviez d\u2019une robe classique, moderne ou audacieuse, chaque mod\u00e8le a \u00e9t\u00e9 s\u00e9lectionn\u00e9 pour son unicit\u00e9 et son raffinement. Et si vous souhaitez une cr\u00e9ation unique, nous offrons \u00e9galement la possibilit\u00e9 de concevoir une robe sur-mesure, \u00e0 votre image.<\/p>\n<\/div>\n<\/div>\n<div class=\"wp-block-media-text has-media-on-the-right is-stacked-on-mobile\" style=\"grid-template-columns:auto 37%\">\n<div class=\"wp-block-media-text__content\">\n<p class=\"has-black-color has-text-color has-link-color has-medium-font-size wp-elements-ec59ea494b39f69151cad58156d0ee63\">\u2728 Un univers complet pour sublimer votre mariage.<br \/>Au-del\u00e0 des robes, Le Cocon des Mari\u00e9es propose une gamme d\u2019accessoires, chaussures et tenues pour parfaire votre silhouette et r\u00e9v\u00e9ler toute votre beaut\u00e9 en ce jour si sp\u00e9cial.<\/p>\n<\/div>\n<figure class=\"wp-block-media-text__media\"><img loading=\"lazy\" decoding=\"async\" width=\"623\" height=\"1024\" src=\"http:\/\/le-cocon-des-mariees.com\/wp-content\/uploads\/2025\/02\/20250130_092304-623x1024.jpg\" alt=\"\" class=\"wp-image-147 size-full\" srcset=\"https:\/\/le-cocon-des-mariees.com\/wp-content\/uploads\/2025\/02\/20250130_092304-623x1024.jpg 623w, https:\/\/le-cocon-des-mariees.com\/wp-content\/uploads\/2025\/02\/20250130_092304-183x300.jpg 183w, https:\/\/le-cocon-des-mariees.com\/wp-content\/uploads\/2025\/02\/20250130_092304-768x1261.jpg 768w, https:\/\/le-cocon-des-mariees.com\/wp-content\/uploads\/2025\/02\/20250130_092304-935x1536.jpg 935w, https:\/\/le-cocon-des-mariees.com\/wp-content\/uploads\/2025\/02\/20250130_092304-1247x2048.jpg 1247w, https:\/\/le-cocon-des-mariees.com\/wp-content\/uploads\/2025\/02\/20250130_092304-scaled.jpg 1559w\" sizes=\"auto, (max-width: 623px) 100vw, 623px\" \/><\/figure>\n<\/div>\n<div class=\"wp-block-image\">\n<figure class=\"aligncenter size-full\"><img loading=\"lazy\" decoding=\"async\" width=\"299\" height=\"150\" src=\"http:\/\/le-cocon-des-mariees.com\/wp-content\/uploads\/2025\/03\/coeur-01.png\" alt=\"\" class=\"wp-image-330\"\/><\/figure>\n<\/div>\n<p class=\"has-text-align-center has-black-color has-text-color has-link-color wp-elements-25148189255813aafd7ab7721d3aa20a\">Pour nous contacter cliquez ici :<\/p>\n<div class=\"wp-block-image is-style-rounded\">\n<figure class=\"aligncenter size-large is-resized\"><a href=\"https:\/\/lecocondesmariees74.simplybook.it\/V2\/\" target=\"_blank\" rel=\" noreferrer noopener\"><img loading=\"lazy\" decoding=\"async\" width=\"1024\" height=\"237\" src=\"http:\/\/le-cocon-des-mariees.com\/wp-content\/uploads\/2025\/02\/Belladon-Logo-final-long-1024x237.png\" alt=\"\" class=\"wp-image-62\" style=\"width:348px;height:auto\" srcset=\"https:\/\/le-cocon-des-mariees.com\/wp-content\/uploads\/2025\/02\/Belladon-Logo-final-long-1024x237.png 1024w, https:\/\/le-cocon-des-mariees.com\/wp-content\/uploads\/2025\/02\/Belladon-Logo-final-long-300x69.png 300w, https:\/\/le-cocon-des-mariees.com\/wp-content\/uploads\/2025\/02\/Belladon-Logo-final-long-768x177.png 768w, https:\/\/le-cocon-des-mariees.com\/wp-content\/uploads\/2025\/02\/Belladon-Logo-final-long.png 1078w\" sizes=\"auto, (max-width: 1024px) 100vw, 1024px\" \/><\/a><\/figure>\n<\/div>\n","protected":false},"excerpt":{"rendered":"<p>\u2728 Le Cocon des Mari\u00e9es : Un \u00e9crin d\u2019exception pour votre robe de r\u00eave \u2728Situ\u00e9 en Haute-Savoie, \u00e0 seulement 15 minutes de Gen\u00e8ve et 1h30 de Lyon, Le Cocon des Mari\u00e9es vous accueille dans un espace unique, chaleureux et raffin\u00e9, enti\u00e8rement d\u00e9di\u00e9 \u00e0 la qu\u00eate de la robe parfaite. Plus qu\u2019un simple showroom, c\u2019est un [&hellip;]<\/p>\n","protected":false},"author":1,"featured_media":0,"parent":0,"menu_order":0,"comment_status":"closed","ping_status":"closed","template":"","meta":{"footnotes":""},"class_list":["post-127","page","type-page","status-publish","hentry"],"_links":{"self":[{"href":"https:\/\/le-cocon-des-mariees.com\/index.php\/wp-json\/wp\/v2\/pages\/127","targetHints":{"allow":["GET"]}}],"collection":[{"href":"https:\/\/le-cocon-des-mariees.com\/index.php\/wp-json\/wp\/v2\/pages"}],"about":[{"href":"https:\/\/le-cocon-des-mariees.com\/index.php\/wp-json\/wp\/v2\/types\/page"}],"author":[{"embeddable":true,"href":"https:\/\/le-cocon-des-mariees.com\/index.php\/wp-json\/wp\/v2\/users\/1"}],"replies":[{"embeddable":true,"href":"https:\/\/le-cocon-des-mariees.com\/index.php\/wp-json\/wp\/v2\/comments?post=127"}],"version-history":[{"count":8,"href":"https:\/\/le-cocon-des-mariees.com\/index.php\/wp-json\/wp\/v2\/pages\/127\/revisions"}],"predecessor-version":[{"id":365,"href":"https:\/\/le-cocon-des-mariees.com\/index.php\/wp-json\/wp\/v2\/pages\/127\/revisions\/365"}],"wp:attachment":[{"href":"https:\/\/le-cocon-des-mariees.com\/index.php\/wp-json\/wp\/v2\/media?parent=127"}],"curies":[{"name":"wp","href":"https:\/\/api.w.org\/{rel}","templated":true}]}}