{"id":133,"date":"2025-02-21T19:52:36","date_gmt":"2025-02-21T18:52:36","guid":{"rendered":"https:\/\/le-cocon-des-mariees.com\/?page_id=133"},"modified":"2025-03-06T20:32:55","modified_gmt":"2025-03-06T19:32:55","slug":"nous-contacter","status":"publish","type":"page","link":"https:\/\/le-cocon-des-mariees.com\/index.php\/nous-contacter\/","title":{"rendered":"Nous contacter"},"content":{"rendered":"<div class=\"wp-block-columns is-layout-flex wp-container-core-columns-is-layout-9d6595d7 wp-block-columns-is-layout-flex\">\n<div class=\"wp-block-column is-layout-flow wp-block-column-is-layout-flow\" style=\"flex-basis:25%\">\n<div class=\"wp-block-image\">\n<figure class=\"alignleft size-full\"><img loading=\"lazy\" decoding=\"async\" width=\"304\" height=\"187\" src=\"http:\/\/le-cocon-des-mariees.com\/wp-content\/uploads\/2025\/03\/Balllons-01.png\" alt=\"\" class=\"wp-image-327\" srcset=\"https:\/\/le-cocon-des-mariees.com\/wp-content\/uploads\/2025\/03\/Balllons-01.png 304w, https:\/\/le-cocon-des-mariees.com\/wp-content\/uploads\/2025\/03\/Balllons-01-300x185.png 300w\" sizes=\"auto, (max-width: 304px) 100vw, 304px\" \/><\/figure>\n<\/div>\n<\/div>\n<div class=\"wp-block-column is-layout-flow wp-block-column-is-layout-flow\" style=\"flex-basis:50%\">\n<p class=\"has-text-align-right has-black-color has-text-color has-link-color wp-elements-6f01297e35c26e6954b311684408deb0\">Nous sommes situ\u00e9s \u00e0 : <mark style=\"background-color:rgba(0, 0, 0, 0)\" class=\"has-inline-color has-black-color\">Saint Julien en Genevois<\/mark><\/p>\n<p class=\"has-text-align-right has-black-color has-text-color has-link-color wp-elements-c0dc2623e72abce75302bf428abe7092\"><mark style=\"background-color:rgba(0, 0, 0, 0)\" class=\"has-inline-color has-black-color\">Notre mail :<\/mark> <a href=\"mailto:Lecocondesmariees74@gmail.com\" target=\"_blank\" rel=\"noreferrer noopener\"><mark style=\"background-color:rgba(0, 0, 0, 0)\" class=\"has-inline-color has-vivid-cyan-blue-color\">Lecocondesmariees74@gmail.com<\/mark><\/a><\/p>\n<p class=\"has-text-align-center has-black-color has-text-color has-link-color wp-elements-d3a2cee2fcee691b3c2fef80ed9ebc6c\">Pour nous joindre : 06-67-88-24-70<\/p>\n<\/div>\n<div class=\"wp-block-column is-layout-flow wp-block-column-is-layout-flow\" style=\"flex-basis:25%\">\n<figure class=\"wp-block-image size-full\"><img loading=\"lazy\" decoding=\"async\" width=\"304\" height=\"187\" src=\"http:\/\/le-cocon-des-mariees.com\/wp-content\/uploads\/2025\/03\/Balllons-01.png\" alt=\"\" class=\"wp-image-327\" srcset=\"https:\/\/le-cocon-des-mariees.com\/wp-content\/uploads\/2025\/03\/Balllons-01.png 304w, https:\/\/le-cocon-des-mariees.com\/wp-content\/uploads\/2025\/03\/Balllons-01-300x185.png 300w\" sizes=\"auto, (max-width: 304px) 100vw, 304px\" \/><\/figure>\n<\/div>\n<\/div>\n<div class=\"wp-block-columns is-layout-flex wp-container-core-columns-is-layout-9d6595d7 wp-block-columns-is-layout-flex\">\n<div class=\"wp-block-column is-layout-flow wp-block-column-is-layout-flow\">\n<div class=\"wp-block-image\">\n<figure class=\"aligncenter size-full\"><img loading=\"lazy\" decoding=\"async\" width=\"118\" height=\"139\" src=\"http:\/\/le-cocon-des-mariees.com\/wp-content\/uploads\/2025\/03\/Ballon-01.png\" alt=\"\" class=\"wp-image-328\"\/><\/figure>\n<\/div>\n<\/div>\n<div class=\"wp-block-column is-layout-flow wp-block-column-is-layout-flow\">\n<figure class=\"wp-block-image size-full\"><img loading=\"lazy\" decoding=\"async\" width=\"299\" height=\"150\" src=\"http:\/\/le-cocon-des-mariees.com\/wp-content\/uploads\/2025\/03\/coeur-01.png\" alt=\"\" class=\"wp-image-330\"\/><\/figure>\n<\/div>\n<div class=\"wp-block-column is-layout-flow wp-block-column-is-layout-flow\">\n<div class=\"wp-block-image\">\n<figure class=\"aligncenter size-full\"><img loading=\"lazy\" decoding=\"async\" width=\"118\" height=\"139\" src=\"http:\/\/le-cocon-des-mariees.com\/wp-content\/uploads\/2025\/03\/Ballon-01.png\" alt=\"\" class=\"wp-image-328\"\/><\/figure>\n<\/div>\n<\/div>\n<\/div>\n<div class=\"wp-block-columns is-layout-flex wp-container-core-columns-is-layout-9d6595d7 wp-block-columns-is-layout-flex\">\n<div class=\"wp-block-column is-layout-flow wp-block-column-is-layout-flow\" style=\"flex-basis:25%\">\n<figure class=\"wp-block-image size-full\"><img loading=\"lazy\" decoding=\"async\" width=\"304\" height=\"187\" src=\"http:\/\/le-cocon-des-mariees.com\/wp-content\/uploads\/2025\/03\/Balllons-01.png\" alt=\"\" class=\"wp-image-327\" srcset=\"https:\/\/le-cocon-des-mariees.com\/wp-content\/uploads\/2025\/03\/Balllons-01.png 304w, https:\/\/le-cocon-des-mariees.com\/wp-content\/uploads\/2025\/03\/Balllons-01-300x185.png 300w\" sizes=\"auto, (max-width: 304px) 100vw, 304px\" \/><\/figure>\n<\/div>\n<div class=\"wp-block-column is-layout-flow wp-block-column-is-layout-flow\" style=\"flex-basis:50%\">\n<p class=\"has-text-align-center has-black-color has-text-color has-link-color has-medium-font-size wp-elements-c8f4681953613b4b8004cdda4ea57ca8\">Pour r\u00e9server une s\u00e9ance <mark style=\"background-color:rgba(0, 0, 0, 0)\" class=\"has-inline-color has-black-color\">cliquez ici<\/mark> :<\/p>\n<div class=\"wp-block-image is-style-rounded\">\n<figure class=\"aligncenter size-large is-resized\"><a href=\"https:\/\/lecocondesmariees74.simplybook.it\/V2\/\" target=\"_blank\" rel=\" noreferrer noopener\"><img loading=\"lazy\" decoding=\"async\" width=\"1024\" height=\"237\" src=\"http:\/\/le-cocon-des-mariees.com\/wp-content\/uploads\/2025\/02\/Belladon-Logo-final-long-1024x237.png\" alt=\"\" class=\"wp-image-62\" style=\"width:280px;height:auto\" srcset=\"https:\/\/le-cocon-des-mariees.com\/wp-content\/uploads\/2025\/02\/Belladon-Logo-final-long-1024x237.png 1024w, https:\/\/le-cocon-des-mariees.com\/wp-content\/uploads\/2025\/02\/Belladon-Logo-final-long-300x69.png 300w, https:\/\/le-cocon-des-mariees.com\/wp-content\/uploads\/2025\/02\/Belladon-Logo-final-long-768x177.png 768w, https:\/\/le-cocon-des-mariees.com\/wp-content\/uploads\/2025\/02\/Belladon-Logo-final-long.png 1078w\" sizes=\"auto, (max-width: 1024px) 100vw, 1024px\" \/><\/a><\/figure>\n<\/div>\n<\/div>\n<div class=\"wp-block-column is-layout-flow wp-block-column-is-layout-flow\" style=\"flex-basis:25%\">\n<figure class=\"wp-block-image size-full\"><img loading=\"lazy\" decoding=\"async\" width=\"304\" height=\"187\" src=\"http:\/\/le-cocon-des-mariees.com\/wp-content\/uploads\/2025\/03\/Balllons-01.png\" alt=\"\" class=\"wp-image-327\" srcset=\"https:\/\/le-cocon-des-mariees.com\/wp-content\/uploads\/2025\/03\/Balllons-01.png 304w, https:\/\/le-cocon-des-mariees.com\/wp-content\/uploads\/2025\/03\/Balllons-01-300x185.png 300w\" sizes=\"auto, (max-width: 304px) 100vw, 304px\" \/><\/figure>\n<\/div>\n<\/div>\n<p class=\"has-black-color has-text-color has-link-color has-small-font-size wp-elements-fda5219e57c5e39af04793b491c56396\"><\/p>\n","protected":false},"excerpt":{"rendered":"<p>Nous sommes situ\u00e9s \u00e0 : Saint Julien en Genevois Notre mail : Lecocondesmariees74@gmail.com Pour nous joindre : 06-67-88-24-70 Pour r\u00e9server une s\u00e9ance cliquez ici :<\/p>\n","protected":false},"author":1,"featured_media":0,"parent":0,"menu_order":0,"comment_status":"closed","ping_status":"closed","template":"","meta":{"footnotes":""},"class_list":["post-133","page","type-page","status-publish","hentry"],"_links":{"self":[{"href":"https:\/\/le-cocon-des-mariees.com\/index.php\/wp-json\/wp\/v2\/pages\/133","targetHints":{"allow":["GET"]}}],"collection":[{"href":"https:\/\/le-cocon-des-mariees.com\/index.php\/wp-json\/wp\/v2\/pages"}],"about":[{"href":"https:\/\/le-cocon-des-mariees.com\/index.php\/wp-json\/wp\/v2\/types\/page"}],"author":[{"embeddable":true,"href":"https:\/\/le-cocon-des-mariees.com\/index.php\/wp-json\/wp\/v2\/users\/1"}],"replies":[{"embeddable":true,"href":"https:\/\/le-cocon-des-mariees.com\/index.php\/wp-json\/wp\/v2\/comments?post=133"}],"version-history":[{"count":31,"href":"https:\/\/le-cocon-des-mariees.com\/index.php\/wp-json\/wp\/v2\/pages\/133\/revisions"}],"predecessor-version":[{"id":385,"href":"https:\/\/le-cocon-des-mariees.com\/index.php\/wp-json\/wp\/v2\/pages\/133\/revisions\/385"}],"wp:attachment":[{"href":"https:\/\/le-cocon-des-mariees.com\/index.php\/wp-json\/wp\/v2\/media?parent=133"}],"curies":[{"name":"wp","href":"https:\/\/api.w.org\/{rel}","templated":true}]}}