{"id":139,"date":"2025-02-21T20:04:57","date_gmt":"2025-02-21T19:04:57","guid":{"rendered":"https:\/\/le-cocon-des-mariees.com\/?page_id=139"},"modified":"2025-03-05T21:44:18","modified_gmt":"2025-03-05T20:44:18","slug":"nos-valeurs","status":"publish","type":"page","link":"https:\/\/le-cocon-des-mariees.com\/index.php\/nos-valeurs\/","title":{"rendered":"Nos Valeurs"},"content":{"rendered":"<div class=\"wp-block-media-text is-stacked-on-mobile\">\n<figure class=\"wp-block-media-text__media\"><img loading=\"lazy\" decoding=\"async\" width=\"819\" height=\"1024\" src=\"http:\/\/le-cocon-des-mariees.com\/wp-content\/uploads\/2025\/02\/1000060446-819x1024.jpg\" alt=\"\" class=\"wp-image-45 size-full\" srcset=\"https:\/\/le-cocon-des-mariees.com\/wp-content\/uploads\/2025\/02\/1000060446-819x1024.jpg 819w, https:\/\/le-cocon-des-mariees.com\/wp-content\/uploads\/2025\/02\/1000060446-240x300.jpg 240w, https:\/\/le-cocon-des-mariees.com\/wp-content\/uploads\/2025\/02\/1000060446-768x960.jpg 768w, https:\/\/le-cocon-des-mariees.com\/wp-content\/uploads\/2025\/02\/1000060446-1229x1536.jpg 1229w, https:\/\/le-cocon-des-mariees.com\/wp-content\/uploads\/2025\/02\/1000060446.jpg 1536w\" sizes=\"auto, (max-width: 819px) 100vw, 819px\" \/><\/figure>\n<div class=\"wp-block-media-text__content\">\n<p class=\"has-text-align-center has-black-color has-text-color has-link-color has-large-font-size wp-elements-417f5fd95acdb9bec3a86f4d27c91900\">Au Cocon des Mari\u00e9es, nous mettons un point d\u2019honneur \u00e0 vous accompagner avec <strong>respect <\/strong>et <strong>bienveillance<\/strong>, en vous offrant des robes d\u2019exception, s\u00e9lectionn\u00e9es pour leur <strong>qualit\u00e9<\/strong> et leur \u00e9thique.<\/p>\n<\/div>\n<\/div>\n<div style=\"height:18px\" aria-hidden=\"true\" class=\"wp-block-spacer\"><\/div>\n<div class=\"wp-block-media-text has-media-on-the-right is-stacked-on-mobile\">\n<div class=\"wp-block-media-text__content\">\n<p class=\"has-text-align-center has-black-color has-text-color has-link-color has-large-font-size wp-elements-6b4de208d87cc638c81144e95ef2f328\">Sensibles aux enjeux environnementaux, nous aspirons \u00e0 aller encore plus loin en int\u00e9grant des cr\u00e9ations <strong>\u00e9co-responsables<\/strong>, pour un mariage \u00e0 votre image, en accord avec vos valeurs.<\/p>\n<\/div>\n<figure class=\"wp-block-media-text__media\"><img loading=\"lazy\" decoding=\"async\" width=\"819\" height=\"1024\" src=\"http:\/\/le-cocon-des-mariees.com\/wp-content\/uploads\/2025\/02\/1000060443-819x1024.jpg\" alt=\"\" class=\"wp-image-42 size-full\" srcset=\"https:\/\/le-cocon-des-mariees.com\/wp-content\/uploads\/2025\/02\/1000060443-819x1024.jpg 819w, https:\/\/le-cocon-des-mariees.com\/wp-content\/uploads\/2025\/02\/1000060443-240x300.jpg 240w, https:\/\/le-cocon-des-mariees.com\/wp-content\/uploads\/2025\/02\/1000060443-768x960.jpg 768w, https:\/\/le-cocon-des-mariees.com\/wp-content\/uploads\/2025\/02\/1000060443-1229x1536.jpg 1229w, https:\/\/le-cocon-des-mariees.com\/wp-content\/uploads\/2025\/02\/1000060443.jpg 1536w\" sizes=\"auto, (max-width: 819px) 100vw, 819px\" \/><\/figure>\n<\/div>\n<div class=\"wp-block-image\">\n<figure class=\"aligncenter size-full\"><img loading=\"lazy\" decoding=\"async\" width=\"299\" height=\"150\" src=\"http:\/\/le-cocon-des-mariees.com\/wp-content\/uploads\/2025\/03\/coeur-01.png\" alt=\"\" class=\"wp-image-330\"\/><\/figure>\n<\/div>\n<p class=\"has-text-align-center has-black-color has-text-color has-link-color has-medium-font-size wp-elements-73bce26f701dff89e5dc854670adef73\">Pour nous contacter cliquez ici :<\/p>\n<div class=\"wp-block-image is-style-rounded\">\n<figure class=\"aligncenter size-large is-resized\"><a href=\"https:\/\/lecocondesmariees74.simplybook.it\/V2\/\" target=\"_blank\" rel=\" noreferrer noopener\"><img loading=\"lazy\" decoding=\"async\" width=\"1024\" height=\"237\" src=\"http:\/\/le-cocon-des-mariees.com\/wp-content\/uploads\/2025\/02\/Belladon-Logo-final-long-1024x237.png\" alt=\"\" class=\"wp-image-62\" style=\"width:285px;height:auto\" srcset=\"https:\/\/le-cocon-des-mariees.com\/wp-content\/uploads\/2025\/02\/Belladon-Logo-final-long-1024x237.png 1024w, https:\/\/le-cocon-des-mariees.com\/wp-content\/uploads\/2025\/02\/Belladon-Logo-final-long-300x69.png 300w, https:\/\/le-cocon-des-mariees.com\/wp-content\/uploads\/2025\/02\/Belladon-Logo-final-long-768x177.png 768w, https:\/\/le-cocon-des-mariees.com\/wp-content\/uploads\/2025\/02\/Belladon-Logo-final-long.png 1078w\" sizes=\"auto, (max-width: 1024px) 100vw, 1024px\" \/><\/a><\/figure>\n<\/div>\n","protected":false},"excerpt":{"rendered":"<p>Au Cocon des Mari\u00e9es, nous mettons un point d\u2019honneur \u00e0 vous accompagner avec respect et bienveillance, en vous offrant des robes d\u2019exception, s\u00e9lectionn\u00e9es pour leur qualit\u00e9 et leur \u00e9thique. Sensibles aux enjeux environnementaux, nous aspirons \u00e0 aller encore plus loin en int\u00e9grant des cr\u00e9ations \u00e9co-responsables, pour un mariage \u00e0 votre image, en accord avec vos [&hellip;]<\/p>\n","protected":false},"author":1,"featured_media":0,"parent":0,"menu_order":0,"comment_status":"closed","ping_status":"closed","template":"","meta":{"footnotes":""},"class_list":["post-139","page","type-page","status-publish","hentry"],"_links":{"self":[{"href":"https:\/\/le-cocon-des-mariees.com\/index.php\/wp-json\/wp\/v2\/pages\/139","targetHints":{"allow":["GET"]}}],"collection":[{"href":"https:\/\/le-cocon-des-mariees.com\/index.php\/wp-json\/wp\/v2\/pages"}],"about":[{"href":"https:\/\/le-cocon-des-mariees.com\/index.php\/wp-json\/wp\/v2\/types\/page"}],"author":[{"embeddable":true,"href":"https:\/\/le-cocon-des-mariees.com\/index.php\/wp-json\/wp\/v2\/users\/1"}],"replies":[{"embeddable":true,"href":"https:\/\/le-cocon-des-mariees.com\/index.php\/wp-json\/wp\/v2\/comments?post=139"}],"version-history":[{"count":10,"href":"https:\/\/le-cocon-des-mariees.com\/index.php\/wp-json\/wp\/v2\/pages\/139\/revisions"}],"predecessor-version":[{"id":369,"href":"https:\/\/le-cocon-des-mariees.com\/index.php\/wp-json\/wp\/v2\/pages\/139\/revisions\/369"}],"wp:attachment":[{"href":"https:\/\/le-cocon-des-mariees.com\/index.php\/wp-json\/wp\/v2\/media?parent=139"}],"curies":[{"name":"wp","href":"https:\/\/api.w.org\/{rel}","templated":true}]}}