{"id":143,"date":"2025-02-21T21:13:08","date_gmt":"2025-02-21T20:13:08","guid":{"rendered":"https:\/\/le-cocon-des-mariees.com\/?page_id=143"},"modified":"2025-03-06T20:39:44","modified_gmt":"2025-03-06T19:39:44","slug":"showroom","status":"publish","type":"page","link":"https:\/\/le-cocon-des-mariees.com\/index.php\/showroom\/","title":{"rendered":"Showroom"},"content":{"rendered":"<p class=\"has-text-align-center has-black-color has-text-color has-link-color has-medium-font-size wp-elements-4b2225fb737fef7c3932b96bd3a62691\">\n<div class=\"wp-block-media-text is-stacked-on-mobile\">\n<figure class=\"wp-block-media-text__media\"><img loading=\"lazy\" decoding=\"async\" width=\"536\" height=\"1024\" src=\"http:\/\/le-cocon-des-mariees.com\/wp-content\/uploads\/2025\/02\/20250130_092125-536x1024.jpg\" alt=\"\" class=\"wp-image-146 size-full\" srcset=\"https:\/\/le-cocon-des-mariees.com\/wp-content\/uploads\/2025\/02\/20250130_092125-536x1024.jpg 536w, https:\/\/le-cocon-des-mariees.com\/wp-content\/uploads\/2025\/02\/20250130_092125-157x300.jpg 157w, https:\/\/le-cocon-des-mariees.com\/wp-content\/uploads\/2025\/02\/20250130_092125-768x1467.jpg 768w, https:\/\/le-cocon-des-mariees.com\/wp-content\/uploads\/2025\/02\/20250130_092125-804x1536.jpg 804w, https:\/\/le-cocon-des-mariees.com\/wp-content\/uploads\/2025\/02\/20250130_092125-1072x2048.jpg 1072w, https:\/\/le-cocon-des-mariees.com\/wp-content\/uploads\/2025\/02\/20250130_092125-scaled.jpg 1340w\" sizes=\"auto, (max-width: 536px) 100vw, 536px\" \/><\/figure>\n<div class=\"wp-block-media-text__content\">\n<p class=\"has-text-align-center has-black-color has-text-color has-link-color has-x-large-font-size wp-elements-acca839e6b9d62acc62f0256a226da23\">\u2728 Un essayage dans un cocon o\u00f9 r\u00e8gnent bienveillance, convivialit\u00e9 et douceur.<\/p>\n<\/div>\n<\/div>\n<div class=\"wp-block-image\">\n<figure class=\"aligncenter size-full\"><img loading=\"lazy\" decoding=\"async\" width=\"299\" height=\"150\" src=\"http:\/\/le-cocon-des-mariees.com\/wp-content\/uploads\/2025\/03\/coeur-01.png\" alt=\"\" class=\"wp-image-330\"\/><\/figure>\n<\/div>\n<div style=\"height:31px\" aria-hidden=\"true\" class=\"wp-block-spacer\"><\/div>\n<hr class=\"wp-block-separator has-text-color has-white-color has-alpha-channel-opacity has-white-background-color has-background is-style-default\"\/>\n<div class=\"wp-block-media-text has-media-on-the-right is-stacked-on-mobile\">\n<div class=\"wp-block-media-text__content\">\n<p class=\"has-text-align-center has-black-color has-text-color has-link-color has-x-large-font-size wp-elements-076be405a2f71989e077820379d6817d\">\u2728 Un moment intimiste et chaleureux, rien que pour vous, dans un espace accueillant et apaisant. \ud83d\udc95\ud83d\udc70<\/p>\n<\/div>\n<figure class=\"wp-block-media-text__media\"><img loading=\"lazy\" decoding=\"async\" width=\"623\" height=\"1024\" src=\"http:\/\/le-cocon-des-mariees.com\/wp-content\/uploads\/2025\/02\/20250130_092304-623x1024.jpg\" alt=\"\" class=\"wp-image-147 size-full\" srcset=\"https:\/\/le-cocon-des-mariees.com\/wp-content\/uploads\/2025\/02\/20250130_092304-623x1024.jpg 623w, https:\/\/le-cocon-des-mariees.com\/wp-content\/uploads\/2025\/02\/20250130_092304-183x300.jpg 183w, https:\/\/le-cocon-des-mariees.com\/wp-content\/uploads\/2025\/02\/20250130_092304-768x1261.jpg 768w, https:\/\/le-cocon-des-mariees.com\/wp-content\/uploads\/2025\/02\/20250130_092304-935x1536.jpg 935w, https:\/\/le-cocon-des-mariees.com\/wp-content\/uploads\/2025\/02\/20250130_092304-1247x2048.jpg 1247w, https:\/\/le-cocon-des-mariees.com\/wp-content\/uploads\/2025\/02\/20250130_092304-scaled.jpg 1559w\" sizes=\"auto, (max-width: 623px) 100vw, 623px\" \/><\/figure>\n<\/div>\n<div class=\"wp-block-image\">\n<figure class=\"aligncenter size-full\"><img loading=\"lazy\" decoding=\"async\" width=\"299\" height=\"150\" src=\"http:\/\/le-cocon-des-mariees.com\/wp-content\/uploads\/2025\/03\/coeur-01.png\" alt=\"\" class=\"wp-image-330\"\/><\/figure>\n<\/div>\n<div style=\"height:30px\" aria-hidden=\"true\" class=\"wp-block-spacer\"><\/div>\n<div class=\"wp-block-media-text is-stacked-on-mobile\">\n<figure class=\"wp-block-media-text__media\"><img loading=\"lazy\" decoding=\"async\" width=\"819\" height=\"1024\" src=\"http:\/\/le-cocon-des-mariees.com\/wp-content\/uploads\/2025\/02\/1000060352-819x1024.jpg\" alt=\"\" class=\"wp-image-13 size-full\" srcset=\"https:\/\/le-cocon-des-mariees.com\/wp-content\/uploads\/2025\/02\/1000060352-819x1024.jpg 819w, https:\/\/le-cocon-des-mariees.com\/wp-content\/uploads\/2025\/02\/1000060352-240x300.jpg 240w, https:\/\/le-cocon-des-mariees.com\/wp-content\/uploads\/2025\/02\/1000060352-768x960.jpg 768w, https:\/\/le-cocon-des-mariees.com\/wp-content\/uploads\/2025\/02\/1000060352-1229x1536.jpg 1229w, https:\/\/le-cocon-des-mariees.com\/wp-content\/uploads\/2025\/02\/1000060352.jpg 1536w\" sizes=\"auto, (max-width: 819px) 100vw, 819px\" \/><\/figure>\n<div class=\"wp-block-media-text__content\">\n<blockquote class=\"wp-block-quote is-layout-flow wp-block-quote-is-layout-flow\">\n<p class=\"has-text-align-center has-black-color has-text-color has-link-color has-large-font-size wp-elements-94da9be660d532ae2b492227de790e14\">Vous ne retrouvez sur notre site internet qu&#8217;un petit \u00e9chantillon des robes que nous vous proposons.<\/p>\n<\/blockquote>\n<\/div>\n<\/div>\n<div class=\"wp-block-image\">\n<figure class=\"aligncenter size-full\"><img loading=\"lazy\" decoding=\"async\" width=\"299\" height=\"150\" src=\"http:\/\/le-cocon-des-mariees.com\/wp-content\/uploads\/2025\/03\/coeur-01.png\" alt=\"\" class=\"wp-image-330\"\/><\/figure>\n<\/div>\n<div style=\"height:23px\" aria-hidden=\"true\" class=\"wp-block-spacer\"><\/div>\n<p class=\"has-text-align-center has-black-color has-text-color has-link-color has-medium-font-size wp-elements-2aa0b9bfba074bcd0359af0d041bfd16\">Pour nous contacter cliquez ici :<\/p>\n<div class=\"wp-block-image is-style-rounded\">\n<figure class=\"aligncenter size-large is-resized\"><a href=\"https:\/\/lecocondesmariees74.simplybook.it\/V2\/\" target=\"_blank\" rel=\" noreferrer noopener\"><img loading=\"lazy\" decoding=\"async\" width=\"1024\" height=\"237\" src=\"http:\/\/le-cocon-des-mariees.com\/wp-content\/uploads\/2025\/02\/Belladon-Logo-final-long-1024x237.png\" alt=\"\" class=\"wp-image-62\" style=\"width:332px;height:auto\" srcset=\"https:\/\/le-cocon-des-mariees.com\/wp-content\/uploads\/2025\/02\/Belladon-Logo-final-long-1024x237.png 1024w, https:\/\/le-cocon-des-mariees.com\/wp-content\/uploads\/2025\/02\/Belladon-Logo-final-long-300x69.png 300w, https:\/\/le-cocon-des-mariees.com\/wp-content\/uploads\/2025\/02\/Belladon-Logo-final-long-768x177.png 768w, https:\/\/le-cocon-des-mariees.com\/wp-content\/uploads\/2025\/02\/Belladon-Logo-final-long.png 1078w\" sizes=\"auto, (max-width: 1024px) 100vw, 1024px\" \/><\/a><\/figure>\n<\/div>\n","protected":false},"excerpt":{"rendered":"<p>\u2728 Un essayage dans un cocon o\u00f9 r\u00e8gnent bienveillance, convivialit\u00e9 et douceur. \u2728 Un moment intimiste et chaleureux, rien que pour vous, dans un espace accueillant et apaisant. \ud83d\udc95\ud83d\udc70 Pour nous contacter cliquez ici :<\/p>\n","protected":false},"author":1,"featured_media":0,"parent":0,"menu_order":0,"comment_status":"closed","ping_status":"closed","template":"","meta":{"footnotes":""},"class_list":["post-143","page","type-page","status-publish","hentry"],"_links":{"self":[{"href":"https:\/\/le-cocon-des-mariees.com\/index.php\/wp-json\/wp\/v2\/pages\/143","targetHints":{"allow":["GET"]}}],"collection":[{"href":"https:\/\/le-cocon-des-mariees.com\/index.php\/wp-json\/wp\/v2\/pages"}],"about":[{"href":"https:\/\/le-cocon-des-mariees.com\/index.php\/wp-json\/wp\/v2\/types\/page"}],"author":[{"embeddable":true,"href":"https:\/\/le-cocon-des-mariees.com\/index.php\/wp-json\/wp\/v2\/users\/1"}],"replies":[{"embeddable":true,"href":"https:\/\/le-cocon-des-mariees.com\/index.php\/wp-json\/wp\/v2\/comments?post=143"}],"version-history":[{"count":30,"href":"https:\/\/le-cocon-des-mariees.com\/index.php\/wp-json\/wp\/v2\/pages\/143\/revisions"}],"predecessor-version":[{"id":391,"href":"https:\/\/le-cocon-des-mariees.com\/index.php\/wp-json\/wp\/v2\/pages\/143\/revisions\/391"}],"wp:attachment":[{"href":"https:\/\/le-cocon-des-mariees.com\/index.php\/wp-json\/wp\/v2\/media?parent=143"}],"curies":[{"name":"wp","href":"https:\/\/api.w.org\/{rel}","templated":true}]}}